{"id":2,"date":"2012-01-17T17:41:25","date_gmt":"2012-01-17T17:41:25","guid":{"rendered":"http:\/\/www.battendier.fr\/savoie\/?page_id=2"},"modified":"2015-09-17T14:06:57","modified_gmt":"2015-09-17T14:06:57","slug":"accueil","status":"publish","type":"page","link":"https:\/\/www.battendier.fr\/savoie\/","title":{"rendered":"Accueil"},"content":{"rendered":"<h2>C&rsquo;est en 1970 que Pierre BATTENDIER,<br \/>\nfils de charpentier, cr\u00e9e la Soci\u00e9t\u00e9<br \/>\n<a title=\"Charpente Battendier \u00e0 Aime en Savoie\" href=\"http:\/\/www.battendier.fr\/savoie\/nos-metiers\/charpente\/\">BATTENDIER CHARPENTE<\/a> <a title=\"Couverture - Zinguerie en Savoie\" href=\"http:\/\/www.battendier.fr\/savoie\/nos-metiers\/couverture-zinguerie\/\">COUVERTURE<\/a>.<\/h2>\n<p>Son \u00e9volution et sa diversification n&rsquo;ont fait que se confirmer au fil de ces quarante cinq derni\u00e8res ann\u00e9es. Elle perp\u00e9tue ainsi la tradition des <strong>belles charpentes<\/strong> dans le plus pur <strong>esprit de l&rsquo;artisanat<\/strong>, respectueux des r\u00e8gles de l&rsquo;art, depuis quatre g\u00e9n\u00e9rations.<br \/>\nCe n&rsquo;est donc pas un hasard si l&rsquo;<strong>entreprise BATTENDIER, bas\u00e9e \u00e0 Aime en Savoie,<\/strong> est choisie pour concr\u00e9tiser vos projets. Nous mettons tout notre savoir faire \u00e0 votre disposition afin de r\u00e9pondre \u00e0 vos attentes et vous assister dans votre <a title=\"Construction maisons et chalets ossature bois\" href=\"http:\/\/www.battendier.fr\/savoie\/nos-metiers\/maisons-chalets-ossature-bois\/\">projet de construction<\/a>.<\/p>\n","protected":false},"excerpt":{"rendered":"<p>C&rsquo;est en 1970 que Pierre BATTENDIER, fils de charpentier, cr\u00e9e la Soci\u00e9t\u00e9 BATTENDIER CHARPENTE COUVERTURE. Son \u00e9volution et sa diversification n&rsquo;ont fait que se confirmer au fil de ces quarante cinq derni\u00e8res ann\u00e9es. Elle perp\u00e9tue ainsi la tradition des belles charpentes dans le plus pur esprit de l&rsquo;artisanat, respectueux des r\u00e8gles de l&rsquo;art, depuis quatre &hellip; <a href=\"https:\/\/www.battendier.fr\/savoie\/\" class=\"more-link\">Continuer la lecture<span class=\"screen-reader-text\"> de <span class=\"screen-reader-text\">Accueil<\/span><\/span>&nbsp;<span class=\"meta-nav\">&rarr;<\/span><\/a><\/p>\n","protected":false},"author":3,"featured_media":0,"parent":0,"menu_order":0,"comment_status":"closed","ping_status":"closed","template":"","meta":{"_acf_changed":false,"ngg_post_thumbnail":0,"footnotes":"","_links_to":"","_links_to_target":""},"class_list":["post-2","page","type-page","status-publish","hentry"],"acf":[],"aioseo_notices":[],"_links":{"self":[{"href":"https:\/\/www.battendier.fr\/savoie\/wp-json\/wp\/v2\/pages\/2","targetHints":{"allow":["GET"]}}],"collection":[{"href":"https:\/\/www.battendier.fr\/savoie\/wp-json\/wp\/v2\/pages"}],"about":[{"href":"https:\/\/www.battendier.fr\/savoie\/wp-json\/wp\/v2\/types\/page"}],"author":[{"embeddable":true,"href":"https:\/\/www.battendier.fr\/savoie\/wp-json\/wp\/v2\/users\/3"}],"replies":[{"embeddable":true,"href":"https:\/\/www.battendier.fr\/savoie\/wp-json\/wp\/v2\/comments?post=2"}],"version-history":[{"count":24,"href":"https:\/\/www.battendier.fr\/savoie\/wp-json\/wp\/v2\/pages\/2\/revisions"}],"predecessor-version":[{"id":569,"href":"https:\/\/www.battendier.fr\/savoie\/wp-json\/wp\/v2\/pages\/2\/revisions\/569"}],"wp:attachment":[{"href":"https:\/\/www.battendier.fr\/savoie\/wp-json\/wp\/v2\/media?parent=2"}],"curies":[{"name":"wp","href":"https:\/\/api.w.org\/{rel}","templated":true}]}}